{"id":3924,"date":"2022-04-10T21:41:45","date_gmt":"2022-04-10T20:41:45","guid":{"rendered":"https:\/\/gigericeira.com\/?post_type=product&#038;p=3924"},"modified":"2026-04-23T13:08:59","modified_gmt":"2026-04-23T12:08:59","slug":"salada-panzanella","status":"publish","type":"product","link":"https:\/\/gigericeira.com\/en\/product\/salada-panzanella\/","title":{"rendered":"Salada Panzanella"},"content":{"rendered":"","protected":false},"excerpt":{"rendered":"<p>R\u00facula, croutons, tomate cherry, pepino, azeitonas, cebola roxa, mirtilios, morango, manjeric\u00e3o, sementes de s\u00e9samo e vinagrete<\/p>","protected":false},"featured_media":3926,"template":"","meta":[],"product_brand":[],"product_cat":[62],"product_tag":[70,67],"giftcard-category":[],"class_list":{"0":"post-3924","1":"product","2":"type-product","3":"status-publish","4":"has-post-thumbnail","6":"product_cat-entradas","7":"product_tag-opcao-sem-gluten-disponivel","8":"product_tag-vegan","10":"first","11":"instock","12":"shipping-taxable","13":"purchasable","14":"product-type-simple"},"_links":{"self":[{"href":"https:\/\/gigericeira.com\/en\/wp-json\/wp\/v2\/product\/3924","targetHints":{"allow":["GET"]}}],"collection":[{"href":"https:\/\/gigericeira.com\/en\/wp-json\/wp\/v2\/product"}],"about":[{"href":"https:\/\/gigericeira.com\/en\/wp-json\/wp\/v2\/types\/product"}],"wp:featuredmedia":[{"embeddable":true,"href":"https:\/\/gigericeira.com\/en\/wp-json\/wp\/v2\/media\/3926"}],"wp:attachment":[{"href":"https:\/\/gigericeira.com\/en\/wp-json\/wp\/v2\/media?parent=3924"}],"wp:term":[{"taxonomy":"product_brand","embeddable":true,"href":"https:\/\/gigericeira.com\/en\/wp-json\/wp\/v2\/product_brand?post=3924"},{"taxonomy":"product_cat","embeddable":true,"href":"https:\/\/gigericeira.com\/en\/wp-json\/wp\/v2\/product_cat?post=3924"},{"taxonomy":"product_tag","embeddable":true,"href":"https:\/\/gigericeira.com\/en\/wp-json\/wp\/v2\/product_tag?post=3924"},{"taxonomy":"giftcard-category","embeddable":true,"href":"https:\/\/gigericeira.com\/en\/wp-json\/wp\/v2\/giftcard-category?post=3924"}],"curies":[{"name":"wp","href":"https:\/\/api.w.org\/{rel}","templated":true}]}}