{"id":3613,"date":"2021-05-04T14:36:57","date_gmt":"2021-05-04T13:36:57","guid":{"rendered":"https:\/\/gigericeira.com\/?post_type=product&#038;p=3613"},"modified":"2026-04-23T07:38:31","modified_gmt":"2026-04-23T06:38:31","slug":"salmao-tartare","status":"publish","type":"product","link":"https:\/\/gigericeira.com\/en\/product\/salmao-tartare\/","title":{"rendered":"Tartare Salmon"},"content":{"rendered":"","protected":false},"excerpt":{"rendered":"<p>Arroz preto, abacate esmagado, am\u00eandoas, alga nori, salm\u00e3o cru marinado no molho thai, cebolinho, gengibre e sementes de s\u00e9samo<\/p>","protected":false},"featured_media":3658,"template":"","meta":[],"product_brand":[],"product_cat":[63],"product_tag":[69],"giftcard-category":[],"class_list":{"0":"post-3613","1":"product","2":"type-product","3":"status-publish","4":"has-post-thumbnail","6":"product_cat-principal","7":"product_tag-sem-gluten","9":"first","10":"instock","11":"shipping-taxable","12":"purchasable","13":"product-type-simple"},"_links":{"self":[{"href":"https:\/\/gigericeira.com\/en\/wp-json\/wp\/v2\/product\/3613","targetHints":{"allow":["GET"]}}],"collection":[{"href":"https:\/\/gigericeira.com\/en\/wp-json\/wp\/v2\/product"}],"about":[{"href":"https:\/\/gigericeira.com\/en\/wp-json\/wp\/v2\/types\/product"}],"wp:featuredmedia":[{"embeddable":true,"href":"https:\/\/gigericeira.com\/en\/wp-json\/wp\/v2\/media\/3658"}],"wp:attachment":[{"href":"https:\/\/gigericeira.com\/en\/wp-json\/wp\/v2\/media?parent=3613"}],"wp:term":[{"taxonomy":"product_brand","embeddable":true,"href":"https:\/\/gigericeira.com\/en\/wp-json\/wp\/v2\/product_brand?post=3613"},{"taxonomy":"product_cat","embeddable":true,"href":"https:\/\/gigericeira.com\/en\/wp-json\/wp\/v2\/product_cat?post=3613"},{"taxonomy":"product_tag","embeddable":true,"href":"https:\/\/gigericeira.com\/en\/wp-json\/wp\/v2\/product_tag?post=3613"},{"taxonomy":"giftcard-category","embeddable":true,"href":"https:\/\/gigericeira.com\/en\/wp-json\/wp\/v2\/giftcard-category?post=3613"}],"curies":[{"name":"wp","href":"https:\/\/api.w.org\/{rel}","templated":true}]}}