{"id":2304,"date":"2020-04-07T17:32:08","date_gmt":"2020-04-07T16:32:08","guid":{"rendered":"https:\/\/shop.gigericeira.com\/?post_type=product&#038;p=2304"},"modified":"2025-04-13T22:30:17","modified_gmt":"2025-04-13T21:30:17","slug":"taca-de-acai","status":"publish","type":"product","link":"https:\/\/gigericeira.com\/en\/product\/taca-de-acai\/","title":{"rendered":"A\u00e7a\u00ed Bowl"},"content":{"rendered":"","protected":false},"excerpt":{"rendered":"<p>A\u00e7a\u00ed pulp 100\u2030 blended with banana and berries, toppings: granola, banana, kiwi, berries, poppy seeds and rice syrup<\/p>","protected":false},"featured_media":3261,"template":"","meta":[],"product_brand":[],"product_cat":[73,57],"product_tag":[71,69,68],"giftcard-category":[],"class_list":{"0":"post-2304","1":"product","2":"type-product","3":"status-publish","4":"has-post-thumbnail","6":"product_cat-all-day","7":"product_cat-tacas","8":"product_tag-opcao-vegan-disponivel","9":"product_tag-sem-gluten","10":"product_tag-vegetariano","12":"first","13":"instock","14":"shipping-taxable","15":"purchasable","16":"product-type-simple"},"_links":{"self":[{"href":"https:\/\/gigericeira.com\/en\/wp-json\/wp\/v2\/product\/2304","targetHints":{"allow":["GET"]}}],"collection":[{"href":"https:\/\/gigericeira.com\/en\/wp-json\/wp\/v2\/product"}],"about":[{"href":"https:\/\/gigericeira.com\/en\/wp-json\/wp\/v2\/types\/product"}],"wp:featuredmedia":[{"embeddable":true,"href":"https:\/\/gigericeira.com\/en\/wp-json\/wp\/v2\/media\/3261"}],"wp:attachment":[{"href":"https:\/\/gigericeira.com\/en\/wp-json\/wp\/v2\/media?parent=2304"}],"wp:term":[{"taxonomy":"product_brand","embeddable":true,"href":"https:\/\/gigericeira.com\/en\/wp-json\/wp\/v2\/product_brand?post=2304"},{"taxonomy":"product_cat","embeddable":true,"href":"https:\/\/gigericeira.com\/en\/wp-json\/wp\/v2\/product_cat?post=2304"},{"taxonomy":"product_tag","embeddable":true,"href":"https:\/\/gigericeira.com\/en\/wp-json\/wp\/v2\/product_tag?post=2304"},{"taxonomy":"giftcard-category","embeddable":true,"href":"https:\/\/gigericeira.com\/en\/wp-json\/wp\/v2\/giftcard-category?post=2304"}],"curies":[{"name":"wp","href":"https:\/\/api.w.org\/{rel}","templated":true}]}}