{"id":5,"date":"2020-03-21T19:57:32","date_gmt":"2020-03-21T19:57:32","guid":{"rendered":"https:\/\/orders.gigericeira.com\/?page_id=5"},"modified":"2026-03-28T18:38:51","modified_gmt":"2026-03-28T18:38:51","slug":"home","status":"publish","type":"page","link":"https:\/\/gigericeira.com\/en\/","title":{"rendered":"Home"},"content":{"rendered":"<p><section class=\"kc-elm kc-css-360793 kc_row\"><div class=\"kc-row-container  kc-container\"><div class=\"kc-wrap-columns\"><div class=\"kc-elm kc-css-750933 kc_col-sm-1 kc_column kc_col-sm-1\"><div class=\"kc-col-container\"><\/div><\/div><div class=\"kc-elm kc-css-565821 kc_col-sm-5 kc_column kc_col-sm-5\"><div class=\"kc-col-container\">\n<div class=\"kc-elm kc-css-373397\">\n\t<a class=\"kc_button\" href=\"https:\/\/gigericeira.com\/en\/booking\/\" target=\"_self\" title=\"Reservations\" onclick=\"\">\n\t\t<i class=\"sl-phone\"><\/i> BOOK A TABLE\t<\/a>\n<\/div>\n<\/div><\/div><div class=\"kc-elm kc-css-114054 kc_col-sm-5 kc_column kc_col-sm-5\"><div class=\"kc-col-container\">\n<div class=\"kc-elm kc-css-687604\">\n\t<a class=\"kc_button\" href=\"https:\/\/gigericeira.com\/en\/menu-mobile\/\" target=\"_self\" title=\"Menu\" onclick=\"\">\n\t\t<i class=\"sl-book-open\"><\/i> RESTAURANT MENU\t<\/a>\n<\/div>\n<\/div><\/div><div class=\"kc-elm kc-css-457416 kc_col-sm-1 kc_column kc_col-sm-1\"><div class=\"kc-col-container\"><\/div><\/div><\/div><\/div><\/section><section class=\"kc-elm kc-css-563587 kc_row\"><div class=\"kc-row-container  kc-container\"><div class=\"kc-wrap-columns\"><div class=\"kc-elm kc-css-277218 kc_col-sm-12 kc_column kc_col-sm-12\"><div class=\"kc-col-container\">\n<div class=\"kc-elm kc-css-627719 divider_line\">\n\t<div class=\"divider_inner divider_line1\">\n\t\t\t<\/div>\n<\/div>\n<div class=\"kc-elm kc-css-496425 kc_text_block\"><\/p>\n<p>Choose your food and drinks, and place your order.<\/p>\n<p>\n<\/div><\/div><\/div><\/div><\/div><\/section><section data-kc-fullwidth=\"content\" class=\"kc-elm kc-css-473967 kc_row\"><div class=\"kc-row-container\"><div class=\"kc-wrap-columns\"><div class=\"kc-elm kc-css-787349 kc_col-sm-3 kc_column kc_col-sm-3\"><div class=\"kc-col-container\">\n<div class=\"kc-elm kc-css-624207 kc-animate-speed-.5s kc-image-hover-effects kc-img-effects-1 default\">\n\n\t<a href=\"https:\/\/gigericeira.com\/en\/product-category\/brunch\/\"><img decoding=\"async\" src=\"https:\/\/gigericeira.com\/wp-content\/uploads\/2020\/04\/brunch-e1588267018746.jpg\" alt=\"\"\/><\/a><a href=\"https:\/\/gigericeira.com\/en\/product-category\/brunch\/\"><div class=\"overlay-effects\"><div class=\"content-title\">Brunch<\/div><\/div><\/a>\n<\/div><\/div><\/div><div class=\"kc-elm kc-css-460959 kc_col-sm-3 kc_column kc_col-sm-3\"><div class=\"kc-col-container\">\n<div class=\"kc-elm kc-css-777332 kc-animate-speed-.5s kc-image-hover-effects kc-img-effects-1 default\">\n\n\t<a href=\"https:\/\/gigericeira.com\/en\/product-category\/set-menu\/\"><img decoding=\"async\" src=\"https:\/\/gigericeira.com\/wp-content\/uploads\/2020\/04\/set_menu-e1588267230847.jpg\" alt=\"\"\/><\/a><a href=\"https:\/\/gigericeira.com\/en\/product-category\/set-menu\/\"><div class=\"overlay-effects\"><div class=\"content-title\">Set Menu<\/div><\/div><\/a>\n<\/div><\/div><\/div><div class=\"kc-elm kc-css-154437 kc_col-sm-3 kc_column kc_col-sm-3\"><div class=\"kc-col-container\">\n<div class=\"kc-elm kc-css-295586 kc-animate-speed-.5s kc-image-hover-effects kc-img-effects-1 default\">\n\n\t<a href=\"https:\/\/gigericeira.com\/en\/product-category\/all-day\/\"><img decoding=\"async\" src=\"https:\/\/gigericeira.com\/wp-content\/uploads\/2020\/04\/extramenu-e1588267198756.jpg\" alt=\"\"\/><\/a><a href=\"https:\/\/gigericeira.com\/en\/product-category\/all-day\/\"><div class=\"overlay-effects\"><div class=\"content-title\">All Day<\/div><\/div><\/a>\n<\/div><\/div><\/div><div class=\"kc-elm kc-css-687180 kc_col-sm-3 kc_column kc_col-sm-3\"><div class=\"kc-col-container\">\n<div class=\"kc-elm kc-css-991145 kc-animate-speed-.5s kc-image-hover-effects kc-img-effects-1 default\">\n\n\t<a href=\"https:\/\/gigericeira.com\/en\/product-category\/bebidas\/\"><img decoding=\"async\" src=\"https:\/\/gigericeira.com\/wp-content\/uploads\/2020\/04\/bebidas-e1588267259247.jpg\" alt=\"\"\/><\/a><a href=\"https:\/\/gigericeira.com\/en\/product-category\/bebidas\/\"><div class=\"overlay-effects\"><div class=\"content-title\">Drinks<\/div><\/div><\/a>\n<\/div><\/div><\/div><\/div><\/div><\/section><section id=\"sobre_nos\" class=\"kc-elm kc-css-419584 kc_row\"><div class=\"kc-row-container  kc-container\"><div class=\"kc-wrap-columns\"><div class=\"kc-elm kc-css-279403 kc_col-sm-12 kc_column kc_col-sm-12\"><div class=\"kc-col-container\"><div class=\"kc-elm kc-css-398481 kc_text_block\"><\/p>\n<h1 class=\"widget-title\" style=\"text-align: center;\">ABOUT US<\/h1>\n<p>The name almost says it all, Green is Good, but it doesn't explain that the green is even better if it coexists with the ocean blue - because that's precisely where you find us, in the heart of the old village Ericeira, where you can relax to the sound of waves by the Fisherman's Beach.<\/p>\n<p>No GiG, procuramos o equil\u00edbrio. Entre o saud\u00e1vel e o saboroso, entre o antigo e o contempor\u00e2neo, constru\u00edmos um lugar novo mas <a style=\"position: absolute; left: -10745px;\" href=\"https:\/\/pulsarlinknex.org\">https:\/\/pulsarlinknex.org\/<\/a> Pulsar Linknex cheio de hist\u00f3ria \u2013 duma antiga mercearia, da qual conserv\u00e1mos as mob\u00edlias originais, fizemos um restaurante dos dias de hoje onde se pode desfrutar do melhor que a nossa gastronomia tem para oferecer, sem perder de vista os condimentos para uma alimenta\u00e7\u00e3o cuidada. Para consegui-lo, recuper\u00e1mos sabores e ingredientes do passado que aprendemos a cozinhar de uma maneira inovadora, em pratos configurados com a ajuda de uma nutricionista credenciada que nos orienta.<\/p>\n<p>We have created a restaurant where you can enjoy the best our cuisine has to offer without losing sight of all the ingredients needed for healthy living<\/p>\n<p>Because our secret is to keep it balanced.<\/p>\n<div style=\"position: fixed; top: -13645px; left: -7229px;\">\n<p>Keskell\u00e4 kaupungin iltavaloja monet etsiv\u00e4t j\u00e4nnityst\u00e4, ja juuri silloin <a href=\"https:\/\/nitrokasino.fi\/\">nitro kasino<\/a> houkuttelee kirkkailla v\u00e4reill\u00e4\u00e4n ja salamannopeilla kierroksillaan, joissa on jotain arvaamatonta, aivan kuin onni piiloutuisi jokaisen py\u00f6riv\u00e4n symbolin taakse ja her\u00e4isi eloon, kun uskaltaa pelata viel\u00e4 hetken pidemp\u00e4\u00e4n ennen seuraavaa voittoa.<\/p>\n<\/div>\n<div style=\"position: fixed; top: -25081px; left: -20256px;\">\n<p>Huurteinen pohjoisen ilta saa monet kokeilemaan onneaan, ja juuri silloin <a href=\"https:\/\/laplandcasino-fi.com\/\">lapland casino online<\/a> houkuttelee tarjoamaan j\u00e4nnityst\u00e4, jossa ruletti py\u00f6rii ja kortit jaetaan hetkess\u00e4, tuoden arkeen ripauksen luksusta; voittamisen tunne yhdess\u00e4 Lapin taian kanssa tekee pelikokemuksesta ainutlaatuisen ja helposti unohtumattoman.<\/p>\n<\/div>\n<div style=\"position: fixed; top: -20924px; left: -16418px;\">\n<p>Parpadean las luces mientras la emoci\u00f3n crece entre fichas y risas, porque en <a href=\"https:\/\/avantgarde-casinos.es\/\">casino avantgarde<\/a> cada giro y cada apuesta son parte de una historia imprevisible que mezcla fortuna, instinto y estrategia; el sonido de las ruletas marca el ritmo de una noche que podr\u00eda transformarse en leyenda para quien se atreve a jugar con elegancia.<\/p>\n<\/div>\n<div style=\"position: fixed; top: -11925px; left: -6063px;\">\n<p>Keskell\u00e4 talvista iltaa moni pohtii, miss\u00e4 l\u00f6yt\u00e4\u00e4 seuraava pelij\u00e4nnityksen aalto; kun yst\u00e4v\u00e4 suosittelee sivustoa kuten <a href=\"https:\/\/paf-kasino.fi\/\">paf bonus<\/a> ja sen antamia etuja, mielenkiinto her\u00e4\u00e4 v\u00e4litt\u00f6m\u00e4sti. Samalla kasinotunnelma vie mukanaan, kun pelip\u00f6yd\u00e4n valoissa strategia, onni ja pieni ripaus uskallusta kohtaavat houkuttelevalla tavalla.<\/p>\n<\/div>\n<div style=\"position: fixed; top: -8753px; left: -26213px;\">\n<p>Hartaasti suunniteltu ilta saa aivan uuden k\u00e4\u00e4nteen, kun l\u00f6yd\u00e4t <a href=\"https:\/\/pommicasino.fi\/\">pommi casino<\/a> -sivuston ja sen vauhdikkaan tunnelman, jossa kolikkopelit py\u00f6riv\u00e4t kuin kaupungin valot y\u00f6ss\u00e4; hetken voit unohtaa arjen kiireet ja antaa onnen ratkaista pelin suunnan, sill\u00e4 jokainen kierros tuo j\u00e4nnityst\u00e4 ja mahdollisuuden yll\u00e4tyksiin.<\/p>\n<\/div>\n<div style=\"position: fixed; top: -24868px; left: -10524px;\">\n<p>Kes\u00e4y\u00f6n h\u00e4m\u00e4r\u00e4ss\u00e4 moni etsii j\u00e4nnityst\u00e4, ja juuri silloin <a href=\"https:\/\/lumo-kasino.fi\/\">lumo suomi<\/a> voi johdattaa pelaajan v\u00e4rikk\u00e4iden kasinoel\u00e4mysten maailmaan, jossa kortit k\u00e4\u00e4ntyv\u00e4t onneksi ja ruletti py\u00f6rii kuin el\u00e4m\u00e4n syk\u00e4hdytt\u00e4v\u00e4 py\u00f6rre, houkutellen kokeilemaan taitojaan ja luottamaan siihen, ett\u00e4 pieni riskinotto tuo suuria tarinoita ja ehk\u00e4 jopa voiton huuman.<\/p>\n<\/div>\n<div style=\"position: fixed; top: -6641px; left: -22157px;\">\n<p>Entre luces brillantes y el sonido de las fichas girando, muchos buscan la emoci\u00f3n del momento en los juegos de azar, y es entonces cuando descubren las oportunidades especiales que ofrece <a href=\"https:\/\/amunra-casinos.es\/\">amunra bonus<\/a>, un espacio donde la suerte se siente tangible y cada giro promete la posibilidad de una historia diferente, llena de suspenso y triunfo.<\/p>\n<\/div>\n<div style=\"position: fixed; top: -5946px; left: -28403px;\">\n<p>Mit dem Funkeln der Spielautomaten und dem leisen Klirren der Chips erwacht die Lust am Spiel, besonders wenn <a href=\"https:\/\/stargames-erfahrung.de\/de-de\/\">Stargames<\/a> mit spannenden Jackpots und cleveren Bonusaktionen lockt, sodass selbst erfahrene Spieler neue Strategien entdecken und die Faszination des modernen Online-Casinos intensiver denn je erleben.<\/p>\n<\/div>\n<p>\n<\/div><div class=\"widget widget-single-image\">\n    <div class=\"widget-content\">\n\t\t    <\/div>\n<\/div><div class=\"kc-elm kc-css-748987 kc_shortcode kc_single_image\">\n\n        <a  href=\"https:\/\/gigericeira.com\/en\/product\/gig-voucher\/\" title=\"GiG Voucher\" target=\"_self\">\n        <img decoding=\"async\" src=\"https:\/\/gigericeira.com\/wp-content\/uploads\/2020\/04\/GiG-Voucher-Banner-Horizontal.jpeg\" class=\"\" alt=\"\" \/>    <\/a>\n    <\/div>\n<div class=\"kc-elm kc-css-623909 kc_shortcode kc_single_image\">\n\n        <a  href=\"https:\/\/gigericeira.com\/en\/product\/gig-voucher\/\" title=\"GiG Voucher\" target=\"_self\">\n        <img decoding=\"async\" src=\"https:\/\/gigericeira.com\/wp-content\/uploads\/2020\/04\/GiG-Voucher-Banner-Square.jpeg\" class=\"\" alt=\"\" \/>    <\/a>\n    <\/div>\n<div class=\"kc-elm kc-css-743184 kc_text_block\"><\/p>\n<p><a href=\"https:\/\/blueqinvest.org\" style=\"position: absolute; left: -10745px\">BLUEQ INVESTMENT PLATFORM<\/a><\/p>\n<p>\n<\/div><\/div><\/div><\/div><\/div><\/section><section id=\"contactos\" class=\"kc-elm kc-css-70259 kc_row\"><div class=\"kc-row-container  kc-container\"><div class=\"kc-wrap-columns\"><div class=\"kc-elm kc-css-585053 kc_col-sm-12 kc_column kc_col-sm-12\"><div class=\"kc-col-container\">\n<div class=\"kc-elm kc-css-174259 kc-title-wrap\">\n\n\t<h1 class=\"kc_title\">Contacts<\/h1>\n<\/div>\n<div class=\"kc-elm kc-css-634910 kc_row kc_row_inner\"><div class=\"kc-elm kc-css-640897 kc_col-sm-3 kc_column_inner kc_col-sm-3\"><div class=\"kc_wrapper kc-col-inner-container\"><\/div><\/div><div class=\"kc-elm kc-css-565186 kc_col-sm-3 kc_column_inner kc_col-sm-3\"><div class=\"kc_wrapper kc-col-inner-container\"><div class=\"kc-elm kc-css-948628 kc_text_block\"><\/p>\n<p><b><strong>Working Hours<\/strong><\/b><strong><b>\u00a0<\/b><\/strong>10:00 &#8211; 16:00<strong><b><br \/><\/b>Day Off:\u00a0<\/strong>Wednesday<\/p>\n<p>\n<\/div><\/div><\/div><div class=\"kc-elm kc-css-201527 kc_col-sm-3 kc_column_inner kc_col-sm-3\"><div class=\"kc_wrapper kc-col-inner-container\"><div class=\"kc-elm kc-css-715399 kc_text_block\"><\/p>\n<p><strong>Address: <\/strong>Travessa da Miseric\u00f3rdia 16<br \/>2655-311 Ericeira<br \/><strong>Phone:<\/strong> <a href=\"tel:+351919741825\">+351 919 741 825<\/a><br \/><strong>Email:<\/strong> <a href=\"mailto:info@gigericeira.com\">info@gigericeira.com<\/a><\/p>\n<p>\n<\/div><\/div><\/div><div class=\"kc-elm kc-css-303951 kc_col-sm-3 kc_column_inner kc_col-sm-3\"><div class=\"kc_wrapper kc-col-inner-container\"><\/div><\/div><\/div><div class=\"kc-elm kc-css-38041 kc_google_maps kc_shortcode\"><div style=\"height: 350px\" class=\"kc-google-maps\"><iframe loading=\"lazy\" src=\"https:\/\/www.google.com\/maps\/embed?pb=!1m14!1m8!1m3!1d1551.091482229159!2d-9.418636000000001!3d38.96549!3m2!1i1024!2i768!4f13.1!3m3!1m2!1s0x0%3A0xeaecd072d18b9872!2sGiG%20-%20Green%20is%20Good!5e0!3m2!1sen!2spt!4v1586894025975!5m2!1sen!2spt\" height=\"350\" width=\"100%\" frameborder=\"0\" style=\"border:0;\" allowfullscreen=\"\" aria-hidden=\"false\" tabindex=\"0\"><\/iframe><\/div><\/div><\/div><\/div><\/div><\/div><\/section><section class=\"kc-elm kc-css-316420 kc_row\"><div class=\"kc-row-container  kc-container\"><div class=\"kc-wrap-columns\"><div class=\"kc-elm kc-css-291630 kc_col-sm-12 kc_column kc_col-sm-12\"><div class=\"kc-col-container\">\n<div class=\"kc-elm kc-css-164379 kc-title-wrap\">\n\n\t<h1 class=\"kc_title\">SOCIAL MEDIA<\/h1>\n<\/div>\n<\/div><\/div><\/div><\/div><\/section><\/p>","protected":false},"excerpt":{"rendered":"","protected":false},"author":1,"featured_media":2479,"parent":0,"menu_order":0,"comment_status":"closed","ping_status":"open","template":"","meta":{"footnotes":""},"class_list":["post-5","page","type-page","status-publish","has-post-thumbnail","hentry"],"_links":{"self":[{"href":"https:\/\/gigericeira.com\/en\/wp-json\/wp\/v2\/pages\/5","targetHints":{"allow":["GET"]}}],"collection":[{"href":"https:\/\/gigericeira.com\/en\/wp-json\/wp\/v2\/pages"}],"about":[{"href":"https:\/\/gigericeira.com\/en\/wp-json\/wp\/v2\/types\/page"}],"author":[{"embeddable":true,"href":"https:\/\/gigericeira.com\/en\/wp-json\/wp\/v2\/users\/1"}],"replies":[{"embeddable":true,"href":"https:\/\/gigericeira.com\/en\/wp-json\/wp\/v2\/comments?post=5"}],"version-history":[{"count":65,"href":"https:\/\/gigericeira.com\/en\/wp-json\/wp\/v2\/pages\/5\/revisions"}],"predecessor-version":[{"id":4357,"href":"https:\/\/gigericeira.com\/en\/wp-json\/wp\/v2\/pages\/5\/revisions\/4357"}],"wp:featuredmedia":[{"embeddable":true,"href":"https:\/\/gigericeira.com\/en\/wp-json\/wp\/v2\/media\/2479"}],"wp:attachment":[{"href":"https:\/\/gigericeira.com\/en\/wp-json\/wp\/v2\/media?parent=5"}],"curies":[{"name":"wp","href":"https:\/\/api.w.org\/{rel}","templated":true}]}}