{"id":3,"date":"2020-03-21T04:07:42","date_gmt":"2020-03-21T04:07:42","guid":{"rendered":"https:\/\/orders.gigericeira.com\/?page_id=3"},"modified":"2020-04-22T19:38:38","modified_gmt":"2020-04-22T19:38:38","slug":"politica-de-privacidade","status":"publish","type":"page","link":"https:\/\/gigericeira.com\/en\/politica-de-privacidade\/","title":{"rendered":"Pol\u00edtica de Privacidade e Cookies"},"content":{"rendered":"<section class=\"kc-elm kc-css-10747 kc_row\"><div class=\"kc-row-container  kc-container\"><div class=\"kc-wrap-columns\"><div class=\"kc-elm kc-css-195904 kc_col-sm-12 kc_column kc_col-sm-12\"><div class=\"kc-col-container\"><div class=\"kc-elm kc-css-703125 kc_text_block\"><\/p>\n<h3 class=\"wp-block-heading\">POL\u00cdTICA DE PRIVACIDADE<\/h3>\n<\/p>\n<p>Todas as informa\u00e7\u00f5es pessoais relativas a clientes ou visitantes que usem a loja online do GiG &#8211; Green is Good ser\u00e3o tratadas em concord\u00e2ncia com a Lei da Prote\u00e7\u00e3o de Dados Pessoais de 26 de outubro de 1998 (Lei n.\u00ba 67\/98). Em particular, a informa\u00e7\u00e3o pessoal recolhida pode incluir o seu nome, e-mail, n\u00famero de telefone e\/ou telem\u00f3vel, morada, data de nascimento e\/ou outros.<\/p>\n<\/p>\n<p>O utilizador \u00e9 livre de desligar os seus cookies, seja por via das op\u00e7\u00f5es do seu browser, ou atrav\u00e9s de ferramentas de programas Anti-V\u00edrus. No entanto, essa op\u00e7\u00e3o poder\u00e1 alterar a forma como interage com o nosso website. Nomeadamente, poder\u00e1 impedir o login no nosso website.<\/p>\n<\/p>\n<p><strong>1. Privacidade e Prote\u00e7\u00e3o de Dados Pessoais<\/strong><\/p>\n<\/p>\n<p>No cumprimento do Regulamento Geral de Prote\u00e7\u00e3o de Dados (RGPD) sobre a Prote\u00e7\u00e3o de Dados Pessoais, informamos que o tratamento dos dados pessoais recolhidos no site gigericeira.com \u00e9 da responsabilidade da Binarywisdom Unipessoal Lda, com sede na Travessa da Miseric\u00f3rdia, 16, Ericeira\u00a02655-312\u00a0Ericeira, pessoa coletiva 514283807.<\/p>\n<\/p>\n<p><strong>2. A sua privacidade \u00e9 muito importante para n\u00f3s. Estes s\u00e3o alguns dos princ\u00edpios fundamentais:<\/strong><\/p>\n<\/p>\n<p>A informa\u00e7\u00e3o pessoal solicitada \u00e9 apenas a necess\u00e1ria para subscrever formul\u00e1rios, submeter processos de candidatura e envio de newsletters que colocamos ao seu dispor. N\u00e3o partilhamos a sua informa\u00e7\u00e3o pessoal com ningu\u00e9m. A sua informa\u00e7\u00e3o armazenada nos nossos servidores destina-se a cria\u00e7\u00e3o de base de dados de acordo com o formul\u00e1rio que subscreveu, no \u00e2mbito da atividade da Binarywisdom Unipessoal Lda, GiG &#8211; Green is Good.<\/p>\n<\/p>\n<p><strong>3. A informa\u00e7\u00e3o que guardamos<\/strong><\/p>\n<\/p>\n<p>Nome, data de nascimento, contacto telef\u00f3nico, nacionalidade e e-mail, quer estes sejam facultados pelo seu titular, quer estes sejam facultados pelo seu representante legal; Outras informa\u00e7\u00f5es relevantes para inqu\u00e9ritos, candidaturas de emprego e\/ou informa\u00e7\u00f5es para os clientes.<br \/>O GiG &#8211; Green is Good, recolhe dados pessoais dos visitantes do website que se registem. Utilizamos igualmente cookies e recolhemos o endere\u00e7o IP para assegurar a qualidade do servi\u00e7o prestado. O GiG &#8211; Green is Good n\u00e3o regista informa\u00e7\u00e3o pessoal de qualquer utilizador com menos de dezoito anos. Se tem menos de dezoito anos, por favor recorra ao seus tutores para efetuar o registo. N\u00e3o se registe caso tenha menos de dezoito anos.<\/p>\n<\/p>\n<p><strong>4. O que fazemos com a informa\u00e7\u00e3o que recolhemos<\/strong><\/p>\n<\/p>\n<p>Usamos estas informa\u00e7\u00f5es para melhor entender as suas necessidades e fornecer um servi\u00e7o de qualidade: Constitu\u00edmos uma base de dados de acordo com a finalidade do formul\u00e1rio subscrito, com o objetivo de responder \u00e0 atividade da Binarywisdom Unipessoal Lda.<br \/>Manuten\u00e7\u00e3o de registo interno: Para melhorar os nossos produtos e\/ou servi\u00e7os, para an\u00e1lise interna. Podemos enviar periodicamente e-mails informativos sobre informa\u00e7\u00f5es, not\u00edcias, divulga\u00e7\u00e3o de parcerias e eventos ligados \u00e0 atividade da Binarywisdom Unipessoal Lda.<br \/>Utilizamos essa informa\u00e7\u00e3o para registar utilizadores de forma a que possam utilizar a nossa loja online e gerir os servi\u00e7os l\u00e1 disponibilizados. Enviaremos an\u00fancios ou comunicados por e-mail se para isso for dada autoriza\u00e7\u00e3o. N\u00e3o existindo essa autoriza\u00e7\u00e3o, a informa\u00e7\u00e3o \u00e9 unicamente utilizada para melhorar a qualidade do servi\u00e7os que prestamos aos nossos clientes.<\/p>\n<\/p>\n<p><strong>5. Durante quanto tempo conservaremos os seus Dados Pessoais?<\/strong><\/p>\n<\/p>\n<p>A Binarywisdom Unipessoal Lda ret\u00e9m os seus dados pessoais apenas pelo per\u00edodo de tempo estritamente necess\u00e1rio para executar a finalidade para a qual os recolheu ou, consoante o caso, at\u00e9 que exer\u00e7a o seu direito de oposi\u00e7\u00e3o ou direito de apagamento.<\/p>\n<\/p>\n<p><strong>6. Partilhamos os seus Dados com terceiros?<\/strong><\/p>\n<\/p>\n<p>N\u00e3o, os seus dados s\u00e3o utilizados apenas para uso interno e exclusivo da Binarywisdom Unipessoal Lda.<br \/>O GiG &#8211; Green is Good n\u00e3o vende ou disponibiliza qualquer dos dados pessoais dos clientes a qualquer outra entidade consigo relacionada, exceto outras entidades do seu grupo empresarial. O GiG &#8211; Green is Good reserva-se o direito de recorrer a entidades terceiras para processamento desses dados, assegurando a confidencialidade desse tratamento.<\/p>\n<\/p>\n<p><strong>7. Quais s\u00e3o os seus direitos?<\/strong><\/p>\n<\/p>\n<p>Poder\u00e1 solicitar o acesso, a retifica\u00e7\u00e3o ou o cancelamento dos seus dados pessoais. Se pretender exercer qualquer um destes direitos deve contactar-nos atrav\u00e9s do e-mail\u00a0<a href=\"mailto:info@gigericeira.com\">info@gigericeira.com<\/a>.<\/p>\n<\/p>\n<p><strong>8. Pol\u00edtica de privacidade<\/strong><\/p>\n<\/p>\n<p>A nossa p\u00e1gina recolhe informa\u00e7\u00e3o que os navegadores e servidores tipicamente disponibilizam como a nacionalidade, p\u00e1gina de proveni\u00eancia e data e hora de cada visita. A recolha desta informa\u00e7\u00e3o destina-se \u00e0 nossa compreens\u00e3o pessoal de como os utilizadores utilizam a nossa p\u00e1gina.<\/p>\n<\/p>\n<p><strong>9. Seguran\u00e7a<\/strong><\/p>\n<\/p>\n<p>Estamos constantemente empenhados em garantir que as suas informa\u00e7\u00f5es est\u00e3o seguras. A fim de evitar o acesso n\u00e3o autorizado ou divulga\u00e7\u00e3o, foram estabelecidos procedimentos f\u00edsicos, eletr\u00f3nicos e administrativos adequados para salvaguardar e proteger as informa\u00e7\u00f5es que coletamos online.<br \/>O GiG &#8211; Green is Good utiliza os protocolos de seguran\u00e7a adequados a proteger a sua informa\u00e7\u00e3o. Pelo que os clientes do GiG &#8211; Green is Good apenas poder\u00e3o responsabilizar esta entidade por falhas de seguran\u00e7a que resultem da sua neglig\u00eancia.<\/p>\n<\/p>\n<p><strong>10. Estat\u00edsticas<\/strong><\/p>\n<\/p>\n<p>A Binarywisdom Unipessoal Lda poder\u00e1 recolher dados estat\u00edsticos de acesso. No entanto estas estat\u00edsticas n\u00e3o s\u00e3o divulgadas por n\u00f3s a terceiros de acordo com o que \u00e9 descrito abaixo.<\/p>\n<\/p>\n<p><strong>11. Como usamos os Cookies<\/strong><\/p>\n<\/p>\n<p>Um cookie \u00e9 um pequeno arquivo que pede permiss\u00e3o para ser colocado no armazenamento do seu computador ou dispositivo m\u00f3vel. Uma vez concordando, o arquivo \u00e9 adicionado e o cookie ajuda a analisar o tr\u00e1fego web ou deixa-o saber quando voc\u00ea visita um determinado site.<br \/>N\u00f3s usamos os logs de tr\u00e1fego dos cookies para identificar quais as p\u00e1ginas que est\u00e3o a ser usadas. Isso ajuda-nos a analisar os dados sobre o tr\u00e1fego na p\u00e1gina web e melhorar o nosso site de forma a ir ao encontro das necessidades do cliente. S\u00f3 usamos estas informa\u00e7\u00f5es para fins de an\u00e1lise estat\u00edstica e, depois desta an\u00e1lise, os dados s\u00e3o removidos do sistema.<br \/>No geral, os cookies ajudam-nos a otimizar o nosso website, pois permite-nos monitorizar as p\u00e1ginas que acha mais \u00fateis. Um cookie n\u00e3o nos d\u00e1 acesso ao seu computador ou a qualquer informa\u00e7\u00e3o pessoal sua, com exce\u00e7\u00e3o dos dados que escolher partilhar connosco. Pode optar por aceitar ou recusar cookies. A maioria dos browsers automaticamente aceita cookies, mas pode modificar o seu navegador para recusar cookies. Se preferir n\u00e3o usar os cookies, poder\u00e1 impedir que tire pleno partido do site.<\/p>\n<\/p>\n<p><strong>12. Altera\u00e7\u00f5es na pol\u00edtica de privacidade<\/strong><\/p>\n<\/p>\n<p>Apesar de as altera\u00e7\u00f5es poderem ser menores reservamo-nos ao direito de alterar esta pol\u00edtica de privacidade e encorajamos os subscritores interessados a consultar a mesma. Ao aceder ao website do GiG &#8211; Green is Good, consente na recolha e utiliza\u00e7\u00e3o da sua informa\u00e7\u00e3o nos termos descritos nesta pol\u00edtica de privacidade. O GiG &#8211; Green is Good reserva-se o direito de fazer altera\u00e7\u00f5es a esta pol\u00edtica de privacidade e respetivos termos. Sem preju\u00edzo de dever consultar esta p\u00e1gina de forma regular, o GiG &#8211; Green is Good enviar\u00e1 informa\u00e7\u00e3o atualizada em caso de alguma altera\u00e7\u00e3o a esta pol\u00edtica de privacidade. Poder\u00e1 requerer a sua remo\u00e7\u00e3o da nossa base de dados e a elimina\u00e7\u00e3o dos seus dados pessoais atrav\u00e9s do e-mail: <a href=\"mailto:info@gigericeira.com\">info@gigericeira.com<\/a>.<\/p>\n<\/p>\n<p><strong>13. Links para outros sites<\/strong><\/p>\n<\/p>\n<p>O nosso site pode conter links para outros sites de interesse. No entanto, depois de ter usado esses links, deve notar que n\u00e3o temos qualquer controlo sobre esse outro site. Portanto, n\u00e3o podemos ser respons\u00e1veis pela prote\u00e7\u00e3o e privacidade de qualquer informa\u00e7\u00e3o que forne\u00e7a enquanto visita outros sites e esses mesmos sites podem n\u00e3o ser regidos por esta declara\u00e7\u00e3o de privacidade. Deve sempre pesquisar e olhar a declara\u00e7\u00e3o de privacidade aplic\u00e1vel ao site em quest\u00e3o.<\/p>\n<\/p>\n<p><strong>14. Exce\u00e7\u00f5es<\/strong><\/p>\n<\/p>\n<p>A Binarywisdom Unipessoal Lda poder\u00e1 fornecer dados pessoais a entidades legalmente competentes, nos casos em que estas os solicitem por via oficial no contexto de investiga\u00e7\u00f5es ou processos judiciais relacionados com atividades il\u00edcitas, sempre nos termos da legisla\u00e7\u00e3o aplic\u00e1vel sobre a mat\u00e9ria.<\/p>\n<\/p>\n<h3 class=\"wp-block-heading\">POL\u00cdTICA DE COOKIES<\/h3>\n<\/p>\n<p>O GiG &#8211; Green is Good utiliza nos seus sites cookies que permitem melhorar o desempenho e a experi\u00eancia do utilizador conforme descrito abaixo.<\/p>\n<\/p>\n<p><strong>Conhecer os cookies<\/strong><\/p>\n<\/p>\n<p>Os cookies s\u00e3o pequenos ficheiros de texto com informa\u00e7\u00e3o relevante que o seu dispositivo de acesso (computador, telem\u00f3vel\/smartphone ou tablet) carrega, atrav\u00e9s do navegador de internet (browser), quando um site \u00e9 visitado pelo utilizador.<\/p>\n<\/p>\n<p>A coloca\u00e7\u00e3o de cookies n\u00e3o s\u00f3 ajudar\u00e1 o site a reconhecer o dispositivo do utilizador na pr\u00f3xima vez que o visita mas tamb\u00e9m e com frequ\u00eancia, ser\u00e1 imprescind\u00edvel para o funcionamento do mesmo. Os cookies usados pelo GiG &#8211; Green is Good, em todos os seus sites, n\u00e3o recolhem informa\u00e7\u00f5es pessoais que permitam identificar o utilizador. Guardam informa\u00e7\u00f5es gen\u00e9ricas, nomeadamente a forma ou local\/pa\u00eds de acesso dos utilizadores e o modo como usam os sites, entre outros. Os cookies ret\u00eam apenas informa\u00e7\u00e3o relacionada com as suas prefer\u00eancias.<\/p>\n<\/p>\n<p>O utilizador pode, a qualquer momento e atrav\u00e9s do seu navegador de internet (browser), decidir ser notificado sobre a rece\u00e7\u00e3o de cookies, bem como bloquear a respectiva entrada no seu sistema. Salienta-se, no entanto, que a recusa de uso de cookies no site pode resultar na impossibilidade de acesso a algumas das suas \u00e1reas e n\u00e3o permitir toda a experi\u00eancia de navega\u00e7\u00e3o.<\/p>\n<\/p>\n<p><strong>Funcionalidade dos cookies<\/strong><\/p>\n<\/p>\n<p>Em geral, os cookies s\u00e3o usados para melhorar a experi\u00eancia de navega\u00e7\u00e3o do utilizador, aumentando a rapidez e efici\u00eancia de resposta. Eliminam a necessidade de introduzir repetidamente as mesmas informa\u00e7\u00f5es e ajudam a determinar que as mensagens publicit\u00e1rias que o utilizador v\u00ea s\u00e3o relevantes e se ajustam aos seus interesses, ou seja, a utilidade, interesse e o n\u00famero de utiliza\u00e7\u00f5es dos sites.<\/p>\n<\/p>\n<p><strong>Diferentes tipos de cookies<\/strong><\/p>\n<\/p>\n<p>Cada cookie utilizado tem uma fun\u00e7\u00e3o e uma data de validade.<\/p>\n<\/p>\n<p><strong>Relativamente \u00e0 fun\u00e7\u00e3o, os cookies utilizados podem ser:<\/strong><\/p>\n<\/p>\n<ul class=\"wp-block-list\">\n<li><strong>Cookies essenciais \u2013<\/strong>\u00a0Alguns cookies s\u00e3o essenciais para aceder a \u00e1reas espec\u00edficas dos sites do GiG &#8211; Green is Good. Permitem a navega\u00e7\u00e3o no site e a utiliza\u00e7\u00e3o das suas aplica\u00e7\u00f5es, tal como o acesso a \u00e1reas seguras do site atrav\u00e9s de login. Sem estes cookies, os servi\u00e7os que os exijam n\u00e3o podem ser prestados.<\/li>\n<li><strong>Cookies de funcionalidade<\/strong>\u00a0\u2013 Os cookies de funcionalidade permitem relembrar as prefer\u00eancias do utilizador relativamente \u00e0 navega\u00e7\u00e3o no site. Assim, n\u00e3o necessita de o reconfigurar e personalizar cada vez que o visita.<\/li>\n<li><strong>Cookies anal\u00edticos<\/strong>\u00a0\u2013 Estes cookies s\u00e3o utilizados para analisar a forma como os utilizadores usam o site, permitindo destacar artigos que podem ser do interesse dos utilizadores, e monitorizar o desempenho do site, conhecendo quais as p\u00e1ginas mais populares, qual o m\u00e9todo de liga\u00e7\u00e3o entre p\u00e1ginas que \u00e9 mais eficaz ou para determinar a raz\u00e3o de algumas p\u00e1ginas estarem a receber mensagens de erro. Estes cookies s\u00e3o utilizados apenas para efeitos de cria\u00e7\u00e3o e an\u00e1lise estat\u00edstica, sem nunca recolher informa\u00e7\u00e3o de car\u00e1ter pessoal. Assim, o GiG &#8211; Green is Good pode fornecer uma experi\u00eancia de elevada qualidade ao personalizar a sua oferta e, rapidamente, identificar e corrigir quaisquer problemas que surjam.<\/li>\n<\/ul>\n<\/p>\n<p><strong>Relativamente \u00e0 data de validade, os cookies utilizados podem ser:<\/strong><\/p>\n<\/p>\n<ul class=\"wp-block-list\">\n<li><strong>Cookies permanentes<\/strong>\u00a0\u2013 Ficam armazenados nos seus dispositivos de acesso (computador, telem\u00f3vel\/ smartphone ou tablet), ao n\u00edvel do navegador de internet (browser), e s\u00e3o usados sempre que o utilizador visita novamente o site. Em geral, s\u00e3o usados para direcionar a navega\u00e7\u00e3o de acordo com os interesses do utilizador, permitindo ao GiG &#8211; Green is Good prestar um servi\u00e7o mais personalizado.<\/li>\n<li><strong>Cookies de sess\u00e3o<\/strong>\u00a0\u2013 S\u00e3o tempor\u00e1rios, os cookies s\u00e3o gerados e est\u00e3o dispon\u00edveis at\u00e9 encerrar a sess\u00e3o. Da pr\u00f3xima vez que o utilizador aceder ao seu navegador de internet (browser) os cookies j\u00e1 n\u00e3o estar\u00e3o armazenados. A informa\u00e7\u00e3o obtida permite gerir as sess\u00f5es, identificar problemas e fornecer uma melhor experi\u00eancia de navega\u00e7\u00e3o.<\/li>\n<\/ul>\n<\/p>\n<p><strong>Bloquear o uso de cookies<\/strong><\/p>\n<\/p>\n<p>O utilizador pode desativar os cookies parcial ou totalmente a qualquer momento. Ao desativar os cookies o site do GiG &#8211; Green is Good pode n\u00e3o funcionar corretamente.<\/p>\n<\/p>\n<p><strong>Cookies na abertura das newsletters\/emails<\/strong><\/p>\n<\/p>\n<p>As newsletters\/emails podem, para fins estat\u00edsticos, conter uma pequena imagem que permite saber se s\u00e3o abertas e verificar os cliques atrav\u00e9s de links ou an\u00fancios dentro da newsletter. O utilizador tem sempre a possibilidade de desativar o envio da newsletter\/email atrav\u00e9s da op\u00e7\u00e3o espec\u00edfica no rodap\u00e9 da newsletter\/email.<\/p>\n<\/p>\n<p>\n<\/div><\/div><\/div><\/div><\/div><\/section>","protected":false},"excerpt":{"rendered":"","protected":false},"author":1,"featured_media":0,"parent":0,"menu_order":0,"comment_status":"closed","ping_status":"open","template":"","meta":{"footnotes":""},"class_list":["post-3","page","type-page","status-publish","hentry"],"_links":{"self":[{"href":"https:\/\/gigericeira.com\/en\/wp-json\/wp\/v2\/pages\/3","targetHints":{"allow":["GET"]}}],"collection":[{"href":"https:\/\/gigericeira.com\/en\/wp-json\/wp\/v2\/pages"}],"about":[{"href":"https:\/\/gigericeira.com\/en\/wp-json\/wp\/v2\/types\/page"}],"author":[{"embeddable":true,"href":"https:\/\/gigericeira.com\/en\/wp-json\/wp\/v2\/users\/1"}],"replies":[{"embeddable":true,"href":"https:\/\/gigericeira.com\/en\/wp-json\/wp\/v2\/comments?post=3"}],"version-history":[{"count":0,"href":"https:\/\/gigericeira.com\/en\/wp-json\/wp\/v2\/pages\/3\/revisions"}],"wp:attachment":[{"href":"https:\/\/gigericeira.com\/en\/wp-json\/wp\/v2\/media?parent=3"}],"curies":[{"name":"wp","href":"https:\/\/api.w.org\/{rel}","templated":true}]}}